{"id":134,"date":"2024-08-05T16:12:25","date_gmt":"2024-08-05T14:12:25","guid":{"rendered":"http:\/\/honrnzg.cluster100.hosting.ovh.net\/Renehandmade\/?page_id=134"},"modified":"2025-07-17T19:54:05","modified_gmt":"2025-07-17T17:54:05","slug":"strona-glowna","status":"publish","type":"page","link":"https:\/\/rene-handmade.pl\/","title":{"rendered":""},"content":{"rendered":"\n<h2 class=\"wp-block-heading has-text-align-center\" style=\"font-size:25px\"><strong>Galeria zdj\u0119\u0107 bi\u017cuterii<\/strong><\/h2>\n\n\n\n<hr class=\"wp-block-separator has-alpha-channel-opacity is-style-dots\"\/>\n\n\n\n<figure class=\"wp-block-gallery has-nested-images columns-default is-cropped wp-block-gallery-1 is-layout-flex wp-block-gallery-is-layout-flex\">\n<figure class=\"wp-block-image size-medium is-style-rounded\" id=\"wp-block-themeisle-blocks-image-9bf8ca6e\"><a href=\"https:\/\/rene-handmade.pl\/?page_id=125\"><img fetchpriority=\"high\" decoding=\"async\" width=\"300\" height=\"300\" data-id=\"39\" src=\"https:\/\/rene-handmade.pl\/wp-content\/uploads\/2024\/08\/GiZdEsXX-300x300.jpg\" alt=\"\" class=\"wp-image-39\" srcset=\"https:\/\/rene-handmade.pl\/wp-content\/uploads\/2024\/08\/GiZdEsXX-300x300.jpg 300w, https:\/\/rene-handmade.pl\/wp-content\/uploads\/2024\/08\/GiZdEsXX-1024x1024.jpg 1024w, https:\/\/rene-handmade.pl\/wp-content\/uploads\/2024\/08\/GiZdEsXX-150x150.jpg 150w, https:\/\/rene-handmade.pl\/wp-content\/uploads\/2024\/08\/GiZdEsXX-768x768.jpg 768w, https:\/\/rene-handmade.pl\/wp-content\/uploads\/2024\/08\/GiZdEsXX-1536x1536.jpg 1536w, https:\/\/rene-handmade.pl\/wp-content\/uploads\/2024\/08\/GiZdEsXX.jpg 1875w\" sizes=\"(max-width: 300px) 100vw, 300px\" \/><\/a><figcaption class=\"wp-element-caption\">Bransoletki<\/figcaption><\/figure>\n\n\n\n<figure class=\"wp-block-image size-medium is-style-rounded\" id=\"wp-block-themeisle-blocks-image-d9d366ef\"><a href=\"https:\/\/rene-handmade.pl\/?page_id=146\"><img decoding=\"async\" width=\"300\" height=\"300\" data-id=\"37\" src=\"https:\/\/rene-handmade.pl\/wp-content\/uploads\/2024\/08\/dI9huR4-300x300.jpg\" alt=\"\" class=\"wp-image-37\" srcset=\"https:\/\/rene-handmade.pl\/wp-content\/uploads\/2024\/08\/dI9huR4-300x300.jpg 300w, https:\/\/rene-handmade.pl\/wp-content\/uploads\/2024\/08\/dI9huR4-1024x1024.jpg 1024w, https:\/\/rene-handmade.pl\/wp-content\/uploads\/2024\/08\/dI9huR4-150x150.jpg 150w, https:\/\/rene-handmade.pl\/wp-content\/uploads\/2024\/08\/dI9huR4-768x768.jpg 768w, https:\/\/rene-handmade.pl\/wp-content\/uploads\/2024\/08\/dI9huR4-1536x1536.jpg 1536w, https:\/\/rene-handmade.pl\/wp-content\/uploads\/2024\/08\/dI9huR4.jpg 1875w\" sizes=\"(max-width: 300px) 100vw, 300px\" \/><\/a><figcaption class=\"wp-element-caption\">Kolczyki<\/figcaption><\/figure>\n\n\n\n<figure class=\"wp-block-image size-medium is-style-rounded\" id=\"wp-block-themeisle-blocks-image-69d67132\"><a href=\"https:\/\/rene-handmade.pl\/?page_id=138\"><img decoding=\"async\" width=\"300\" height=\"300\" data-id=\"534\" src=\"https:\/\/rene-handmade.pl\/wp-content\/uploads\/2024\/09\/IMG20240530190742-300x300.jpg\" alt=\"\" class=\"wp-image-534\" srcset=\"https:\/\/rene-handmade.pl\/wp-content\/uploads\/2024\/09\/IMG20240530190742-300x300.jpg 300w, https:\/\/rene-handmade.pl\/wp-content\/uploads\/2024\/09\/IMG20240530190742-1024x1024.jpg 1024w, https:\/\/rene-handmade.pl\/wp-content\/uploads\/2024\/09\/IMG20240530190742-150x150.jpg 150w, https:\/\/rene-handmade.pl\/wp-content\/uploads\/2024\/09\/IMG20240530190742-768x768.jpg 768w, https:\/\/rene-handmade.pl\/wp-content\/uploads\/2024\/09\/IMG20240530190742-1536x1536.jpg 1536w, https:\/\/rene-handmade.pl\/wp-content\/uploads\/2024\/09\/IMG20240530190742.jpg 2000w\" sizes=\"(max-width: 300px) 100vw, 300px\" \/><\/a><figcaption class=\"wp-element-caption\">Pier\u015bcionki<\/figcaption><\/figure>\n<\/figure>\n\n\n\n<h2 class=\"wp-block-heading has-text-align-center\" style=\"font-size:25px\"><strong>Akwarele<\/strong><\/h2>\n\n\n\n<hr class=\"wp-block-separator has-alpha-channel-opacity is-style-dots\"\/>\n\n\n<div class=\"wp-block-image is-style-rounded\">\n<figure class=\"aligncenter size-medium\" id=\"wp-block-themeisle-blocks-image-8bdc0128\"><a href=\"https:\/\/rene-handmade.pl\/?page_id=602\"><img loading=\"lazy\" decoding=\"async\" width=\"300\" height=\"300\" src=\"https:\/\/rene-handmade.pl\/wp-content\/uploads\/2025\/06\/20250620_163017-300x300.jpg\" alt=\"\" class=\"wp-image-610\" srcset=\"https:\/\/rene-handmade.pl\/wp-content\/uploads\/2025\/06\/20250620_163017-300x300.jpg 300w, https:\/\/rene-handmade.pl\/wp-content\/uploads\/2025\/06\/20250620_163017-1024x1024.jpg 1024w, https:\/\/rene-handmade.pl\/wp-content\/uploads\/2025\/06\/20250620_163017-150x150.jpg 150w, https:\/\/rene-handmade.pl\/wp-content\/uploads\/2025\/06\/20250620_163017-768x768.jpg 768w, https:\/\/rene-handmade.pl\/wp-content\/uploads\/2025\/06\/20250620_163017-1536x1536.jpg 1536w, https:\/\/rene-handmade.pl\/wp-content\/uploads\/2025\/06\/20250620_163017.jpg 1674w\" sizes=\"(max-width: 300px) 100vw, 300px\" \/><\/a><\/figure>\n<\/div>","protected":false},"excerpt":{"rendered":"<p>Galeria zdj\u0119\u0107 bi\u017cuterii Akwarele<\/p>\n","protected":false},"author":1,"featured_media":0,"parent":0,"menu_order":0,"comment_status":"closed","ping_status":"closed","template":"","meta":{"_themeisle_gutenberg_block_has_review":false,"footnotes":""},"class_list":["post-134","page","type-page","status-publish","hentry"],"_links":{"self":[{"href":"https:\/\/rene-handmade.pl\/index.php?rest_route=\/wp\/v2\/pages\/134","targetHints":{"allow":["GET"]}}],"collection":[{"href":"https:\/\/rene-handmade.pl\/index.php?rest_route=\/wp\/v2\/pages"}],"about":[{"href":"https:\/\/rene-handmade.pl\/index.php?rest_route=\/wp\/v2\/types\/page"}],"author":[{"embeddable":true,"href":"https:\/\/rene-handmade.pl\/index.php?rest_route=\/wp\/v2\/users\/1"}],"replies":[{"embeddable":true,"href":"https:\/\/rene-handmade.pl\/index.php?rest_route=%2Fwp%2Fv2%2Fcomments&post=134"}],"version-history":[{"count":47,"href":"https:\/\/rene-handmade.pl\/index.php?rest_route=\/wp\/v2\/pages\/134\/revisions"}],"predecessor-version":[{"id":653,"href":"https:\/\/rene-handmade.pl\/index.php?rest_route=\/wp\/v2\/pages\/134\/revisions\/653"}],"wp:attachment":[{"href":"https:\/\/rene-handmade.pl\/index.php?rest_route=%2Fwp%2Fv2%2Fmedia&parent=134"}],"curies":[{"name":"wp","href":"https:\/\/api.w.org\/{rel}","templated":true}]}}